{"id":848,"date":"2017-08-13T13:08:33","date_gmt":"2017-08-13T11:08:33","guid":{"rendered":"http:\/\/www.justbaseball.de\/?page_id=848"},"modified":"2018-05-21T12:14:39","modified_gmt":"2018-05-21T10:14:39","slug":"tippspiel-2017","status":"publish","type":"page","link":"https:\/\/www.justbaseball.de\/?page_id=848","title":{"rendered":"Tippspiel 2018"},"content":{"rendered":"<p>Wenn wir uns besser in das DSGVO eingelesen haben und wissen, was wir hier ver\u00f6ffentlichen k\u00f6nnen, werden wir Zwischenst\u00e4nde zum Tippspiel hier posten.<\/p>\n<p>Sollte jemand der Teilnehmer seine Daten gel\u00f6scht haben wollen, so schreibt und bitte eine Email.<\/p>\n","protected":false},"excerpt":{"rendered":"<p>Wenn wir uns besser in das DSGVO eingelesen haben und wissen, was wir hier ver\u00f6ffentlichen k\u00f6nnen, werden wir Zwischenst\u00e4nde zum Tippspiel hier posten. Sollte jemand der Teilnehmer seine Daten gel\u00f6scht haben wollen, so schreibt und bitte eine Email.<\/p>\n","protected":false},"author":1,"featured_media":0,"parent":0,"menu_order":0,"comment_status":"closed","ping_status":"closed","template":"","meta":{"footnotes":""},"class_list":["post-848","page","type-page","status-publish","hentry"],"_links":{"self":[{"href":"https:\/\/www.justbaseball.de\/index.php?rest_route=\/wp\/v2\/pages\/848","targetHints":{"allow":["GET"]}}],"collection":[{"href":"https:\/\/www.justbaseball.de\/index.php?rest_route=\/wp\/v2\/pages"}],"about":[{"href":"https:\/\/www.justbaseball.de\/index.php?rest_route=\/wp\/v2\/types\/page"}],"author":[{"embeddable":true,"href":"https:\/\/www.justbaseball.de\/index.php?rest_route=\/wp\/v2\/users\/1"}],"replies":[{"embeddable":true,"href":"https:\/\/www.justbaseball.de\/index.php?rest_route=%2Fwp%2Fv2%2Fcomments&post=848"}],"version-history":[{"count":6,"href":"https:\/\/www.justbaseball.de\/index.php?rest_route=\/wp\/v2\/pages\/848\/revisions"}],"predecessor-version":[{"id":968,"href":"https:\/\/www.justbaseball.de\/index.php?rest_route=\/wp\/v2\/pages\/848\/revisions\/968"}],"wp:attachment":[{"href":"https:\/\/www.justbaseball.de\/index.php?rest_route=%2Fwp%2Fv2%2Fmedia&parent=848"}],"curies":[{"name":"wp","href":"https:\/\/api.w.org\/{rel}","templated":true}]}}