{"id":769,"date":"2017-04-01T11:36:50","date_gmt":"2017-04-01T09:36:50","guid":{"rendered":"http:\/\/www.justbaseball.de\/?page_id=769"},"modified":"2026-02-26T21:58:52","modified_gmt":"2026-02-26T19:58:52","slug":"unser-archiv","status":"publish","type":"page","link":"https:\/\/www.justbaseball.de\/?page_id=769","title":{"rendered":"Unser Archiv"},"content":{"rendered":"<div data-label=\"Team\" data-id=\"team--2\" data-export-id=\"team-1\" data-category=\"team\" class=\"team-1 content-section content-section-spacing\" id=\"team-2\"  style=\"background-color: rgb(255, 255, 255); background-image: none;\"><div class=\"gridContainer\" > <div class=\"row text-center\" ><div class=\"section-title-col\" data-type=\"column\" > <h2 class=\"\" ><span style=\"font-weight: 900; color: rgb(0, 0, 0);\" >Unser Archiv<\/span><\/h2> <p class=\"lead\" ><span style=\"font-weight: 700; color: rgb(255, 152, 0);\" >Hier findet Ihr unsere Folgen aus den letzten Jahren.<\/span><br ><span style=\"font-weight: 700; color: rgb(255, 152, 0);\" >\nZum nachh\u00f6ren und dr\u00fcber lustig machen. Viel Spa\u00df.<\/span><\/p><\/div> <\/div> <div class=\"row spaced-cols content-center-sm\" data-type=\"row\" >        <div class=\"col-xs-12 col-sm-6 col-md-3\" > <div class=\"card bottom-border-color1 no-padding no-shadow\" > <a data-cp-link=\"1\" href=\"https:\/\/www.justbaseball.de?tag=2025\"  target=\"_blank\"><img decoding=\"async\" class=\"face\" src=\"https:\/\/www.justbaseball.de\/wp-content\/uploads\/cropped-cropped-cropped-cropped-cropped-cropped-logo_justbaseball-1-512x500-1.jpg\"  title=\"cropped-logo_justbaseball-1-512x500\" alt=\"\"><\/a> <div data-type=\"column\" class=\"col-padding-small col-padding-small-xs description-container\" > <h4 class=\"font-500\" ><span style=\"font-weight: 900; color: rgb(255, 152, 0);\" >2025<\/span><\/h4>  <div class=\"social-icons-group\" data-type=\"group\" > <a href=\"#\"  target=\"_self\" data-reiki-hidden=\"true\"><i class=\"fa icon fa-facebook-square gray\" ><\/i><\/a> <a href=\"#\"  target=\"_self\" data-reiki-hidden=\"true\"><i class=\"fa icon fa-twitter-square gray\" ><\/i><\/a> <a href=\"#\"  target=\"_self\" data-reiki-hidden=\"true\"><i class=\"fa icon fa-linkedin-square gray\" ><\/i><\/a> <a href=\"#\"  target=\"_self\" data-reiki-hidden=\"true\"><i class=\"fa icon fa-google-plus-square gray\" ><\/i><\/a><\/div> <\/div><\/div> <\/div><div class=\"col-xs-12 col-sm-6 col-md-3\" > <div class=\"card bottom-border-color1 no-padding no-shadow\" > <a data-cp-link=\"1\" href=\"https:\/\/www.justbaseball.de?tag=202\"  target=\"_blank\"><img decoding=\"async\" class=\"face\" src=\"https:\/\/www.justbaseball.de\/wp-content\/uploads\/cropped-cropped-cropped-cropped-cropped-cropped-logo_justbaseball-1-512x500-1.jpg\"  title=\"cropped-logo_justbaseball-1-512x500\" alt=\"\"><\/a> <div data-type=\"column\" class=\"col-padding-small col-padding-small-xs description-container\" > <h4 class=\"font-500\" ><span style=\"font-weight: 900; color: rgb(255, 152, 0);\" >2024<\/span><\/h4>  <div class=\"social-icons-group\" data-type=\"group\" > <a href=\"#\"  target=\"_self\" data-reiki-hidden=\"true\"><i class=\"fa icon fa-facebook-square gray\" ><\/i><\/a> <a href=\"#\"  target=\"_self\" data-reiki-hidden=\"true\"><i class=\"fa icon fa-twitter-square gray\" ><\/i><\/a> <a href=\"#\"  target=\"_self\" data-reiki-hidden=\"true\"><i class=\"fa icon fa-linkedin-square gray\" ><\/i><\/a> <a href=\"#\"  target=\"_self\" data-reiki-hidden=\"true\"><i class=\"fa icon fa-google-plus-square gray\" ><\/i><\/a><\/div> <\/div><\/div> <\/div><div class=\"col-xs-12 col-sm-6 col-md-3\" > <div class=\"card bottom-border-color1 no-padding no-shadow\" > <a data-cp-link=\"1\" href=\"https:\/\/www.justbaseball.de?tag=2023\"  target=\"_blank\"><img decoding=\"async\" class=\"face\" src=\"https:\/\/www.justbaseball.de\/wp-content\/uploads\/cropped-cropped-cropped-cropped-cropped-cropped-logo_justbaseball-1-512x500-1.jpg\"  title=\"cropped-logo_justbaseball-1-512x500\" alt=\"\"><\/a> <div data-type=\"column\" class=\"col-padding-small col-padding-small-xs description-container\" > <h4 class=\"font-500\" ><span style=\"font-weight: 900; color: rgb(255, 152, 0);\" >2023<\/span><\/h4>  <div class=\"social-icons-group\" data-type=\"group\" > <a href=\"#\"  target=\"_self\" data-reiki-hidden=\"true\"><i class=\"fa icon fa-facebook-square gray\" ><\/i><\/a> <a href=\"#\"  target=\"_self\" data-reiki-hidden=\"true\"><i class=\"fa icon fa-twitter-square gray\" ><\/i><\/a> <a href=\"#\"  target=\"_self\" data-reiki-hidden=\"true\"><i class=\"fa icon fa-linkedin-square gray\" ><\/i><\/a> <a href=\"#\"  target=\"_self\" data-reiki-hidden=\"true\"><i class=\"fa icon fa-google-plus-square gray\" ><\/i><\/a><\/div> <\/div><\/div> <\/div><div class=\"col-xs-12 col-sm-6 col-md-3\" > <div class=\"card bottom-border-color1 no-padding no-shadow\" > <a data-cp-link=\"1\" href=\"https:\/\/www.justbaseball.de?tag=2022\"  target=\"_blank\"><img decoding=\"async\" class=\"face\" src=\"https:\/\/www.justbaseball.de\/wp-content\/uploads\/cropped-cropped-cropped-cropped-cropped-cropped-logo_justbaseball-1-512x500-1.jpg\"  title=\"cropped-logo_justbaseball-1-512x500\" alt=\"\"><\/a> <div data-type=\"column\" class=\"col-padding-small col-padding-small-xs description-container\" > <h4 class=\"font-500\" ><span style=\"font-weight: 900; color: rgb(255, 152, 0);\" >2022<\/span><\/h4>  <div class=\"social-icons-group\" data-type=\"group\" > <a href=\"#\"  target=\"_self\" data-reiki-hidden=\"true\"><i class=\"fa icon fa-facebook-square gray\" ><\/i><\/a> <a href=\"#\"  target=\"_self\" data-reiki-hidden=\"true\"><i class=\"fa icon fa-twitter-square gray\" ><\/i><\/a> <a href=\"#\"  target=\"_self\" data-reiki-hidden=\"true\"><i class=\"fa icon fa-linkedin-square gray\" ><\/i><\/a> <a href=\"#\"  target=\"_self\" data-reiki-hidden=\"true\"><i class=\"fa icon fa-google-plus-square gray\" ><\/i><\/a><\/div> <\/div><\/div> <\/div><div class=\"col-xs-12 col-sm-6 col-md-3\" > <div class=\"card bottom-border-color1 no-padding no-shadow\" > <a data-cp-link=\"1\" href=\"https:\/\/www.justbaseball.de?tag=2021\"  target=\"_blank\"><img decoding=\"async\" class=\"face\" src=\"https:\/\/www.justbaseball.de\/wp-content\/uploads\/cropped-cropped-cropped-cropped-cropped-cropped-logo_justbaseball-1-512x500-1.jpg\"  title=\"cropped-logo_justbaseball-1-512x500\" alt=\"\"><\/a> <div data-type=\"column\" class=\"col-padding-small col-padding-small-xs description-container\" > <h4 class=\"font-500\" ><span style=\"font-weight: 900; color: rgb(255, 152, 0);\" >2021<\/span><\/h4>  <div class=\"social-icons-group\" data-type=\"group\" > <a href=\"#\"  target=\"_self\" data-reiki-hidden=\"true\"><i class=\"fa icon fa-facebook-square gray\" ><\/i><\/a> <a href=\"#\"  target=\"_self\" data-reiki-hidden=\"true\"><i class=\"fa icon fa-twitter-square gray\" ><\/i><\/a> <a href=\"#\"  target=\"_self\" data-reiki-hidden=\"true\"><i class=\"fa icon fa-linkedin-square gray\" ><\/i><\/a> <a href=\"#\"  target=\"_self\" data-reiki-hidden=\"true\"><i class=\"fa icon fa-google-plus-square gray\" ><\/i><\/a><\/div> <\/div><\/div> <\/div><div class=\"col-xs-12 col-sm-6 col-md-3\" > <div class=\"card bottom-border-color1 no-padding no-shadow\" > <a data-cp-link=\"1\" href=\"https:\/\/www.justbaseball.de?tag=2020\"  target=\"_blank\"><img decoding=\"async\" class=\"face\" src=\"https:\/\/www.justbaseball.de\/wp-content\/uploads\/cropped-cropped-cropped-cropped-cropped-cropped-logo_justbaseball-1-512x500-1.jpg\"  title=\"cropped-logo_justbaseball-1-512x500\" alt=\"\"><\/a> <div data-type=\"column\" class=\"col-padding-small col-padding-small-xs description-container\" > <h4 class=\"font-500\" ><span style=\"font-weight: 900; color: rgb(255, 152, 0);\" >2020<\/span><\/h4>  <div class=\"social-icons-group\" data-type=\"group\" > <a href=\"#\"  target=\"_self\" data-reiki-hidden=\"true\"><i class=\"fa icon fa-facebook-square gray\" ><\/i><\/a> <a href=\"#\"  target=\"_self\" data-reiki-hidden=\"true\"><i class=\"fa icon fa-twitter-square gray\" ><\/i><\/a> <a href=\"#\"  target=\"_self\" data-reiki-hidden=\"true\"><i class=\"fa icon fa-linkedin-square gray\" ><\/i><\/a> <a href=\"#\"  target=\"_self\" data-reiki-hidden=\"true\"><i class=\"fa icon fa-google-plus-square gray\" ><\/i><\/a><\/div> <\/div><\/div> <\/div><div class=\"col-xs-12 col-sm-6 col-md-3\" > <div class=\"card bottom-border-color1 no-padding no-shadow\" > <a data-cp-link=\"1\" href=\"https:\/\/www.justbaseball.de?tag=2019\"  target=\"_blank\"><img decoding=\"async\" class=\"face\" src=\"https:\/\/www.justbaseball.de\/wp-content\/uploads\/cropped-cropped-cropped-cropped-cropped-cropped-logo_justbaseball-1-512x500-1.jpg\"  title=\"cropped-logo_justbaseball-1-512x500\" alt=\"\"><\/a> <div data-type=\"column\" class=\"col-padding-small col-padding-small-xs description-container\" > <h4 class=\"font-500\" ><span style=\"font-weight: 900; color: rgb(255, 152, 0);\" >2019<\/span><\/h4>  <div class=\"social-icons-group\" data-type=\"group\" > <a href=\"#\"  target=\"_self\" data-reiki-hidden=\"true\"><i class=\"fa icon fa-facebook-square gray\" ><\/i><\/a> <a href=\"#\"  target=\"_self\" data-reiki-hidden=\"true\"><i class=\"fa icon fa-twitter-square gray\" ><\/i><\/a> <a href=\"#\"  target=\"_self\" data-reiki-hidden=\"true\"><i class=\"fa icon fa-linkedin-square gray\" ><\/i><\/a> <a href=\"#\"  target=\"_self\" data-reiki-hidden=\"true\"><i class=\"fa icon fa-google-plus-square gray\" ><\/i><\/a><\/div> <\/div><\/div> <\/div><div class=\"col-xs-12 col-sm-6 col-md-3\" > <div class=\"card bottom-border-color1 no-padding no-shadow\" > <a data-cp-link=\"1\" href=\"https:\/\/www.justbaseball.de?tag=2018\"  target=\"_blank\"><img decoding=\"async\" class=\"face\" src=\"https:\/\/www.justbaseball.de\/wp-content\/uploads\/cropped-cropped-cropped-cropped-cropped-cropped-logo_justbaseball-1-512x500-1.jpg\"  title=\"cropped-logo_justbaseball-1-512x500\" alt=\"\"><\/a> <div data-type=\"column\" class=\"col-padding-small col-padding-small-xs description-container\" > <h4 class=\"font-500\" ><span style=\"font-weight: 900; color: rgb(255, 152, 0);\" >2018<\/span><\/h4>  <div class=\"social-icons-group\" data-type=\"group\" > <a href=\"#\"  target=\"_self\" data-reiki-hidden=\"true\"><i class=\"fa icon fa-facebook-square gray\" ><\/i><\/a> <a href=\"#\"  target=\"_self\" data-reiki-hidden=\"true\"><i class=\"fa icon fa-twitter-square gray\" ><\/i><\/a> <a href=\"#\"  target=\"_self\" data-reiki-hidden=\"true\"><i class=\"fa icon fa-linkedin-square gray\" ><\/i><\/a> <a href=\"#\"  target=\"_self\" data-reiki-hidden=\"true\"><i class=\"fa icon fa-google-plus-square gray\" ><\/i><\/a><\/div> <\/div><\/div> <\/div><div class=\"col-xs-12 col-sm-6 col-md-3\" > <div class=\"card bottom-border-color1 no-padding no-shadow\" > <a data-cp-link=\"1\" href=\"https:\/\/www.justbaseball.de?tag=2025\"  target=\"_blank\"><img decoding=\"async\" class=\"face\" src=\"https:\/\/www.justbaseball.de\/wp-content\/uploads\/cropped-cropped-cropped-cropped-cropped-cropped-logo_justbaseball-1-512x500-1.jpg\"  title=\"cropped-logo_justbaseball-1-512x500\" alt=\"\"><\/a> <div data-type=\"column\" class=\"col-padding-small col-padding-small-xs description-container\" > <h4 class=\"font-500\" ><span style=\"font-weight: 900; color: rgb(255, 152, 0);\" >2017<\/span><\/h4>  <div class=\"social-icons-group\" data-type=\"group\" > <a href=\"#\"  target=\"_self\" data-reiki-hidden=\"true\"><i class=\"fa icon fa-facebook-square gray\" ><\/i><\/a> <a href=\"#\"  target=\"_self\" data-reiki-hidden=\"true\"><i class=\"fa icon fa-twitter-square gray\" ><\/i><\/a> <a href=\"#\"  target=\"_self\" data-reiki-hidden=\"true\"><i class=\"fa icon fa-linkedin-square gray\" ><\/i><\/a> <a href=\"#\"  target=\"_self\" data-reiki-hidden=\"true\"><i class=\"fa icon fa-google-plus-square gray\" ><\/i><\/a><\/div> <\/div><\/div> <\/div><div class=\"col-xs-12 col-sm-6 col-md-3\" > <div class=\"card bottom-border-color1 no-padding no-shadow\" > <a data-cp-link=\"1\" href=\"https:\/\/www.justbaseball.de?tag=2016\"  target=\"_blank\"><img decoding=\"async\" class=\"face\" src=\"https:\/\/www.justbaseball.de\/wp-content\/uploads\/cropped-cropped-cropped-cropped-cropped-cropped-logo_justbaseball-1-512x500-1.jpg\"  title=\"cropped-logo_justbaseball-1-512x500\" alt=\"\"><\/a> <div data-type=\"column\" class=\"col-padding-small col-padding-small-xs description-container\" > <h4 class=\"font-500\" ><span style=\"font-weight: 900; color: rgb(255, 152, 0);\" >2016<\/span><\/h4>  <div class=\"social-icons-group\" data-type=\"group\" > <a href=\"#\"  target=\"_self\" data-reiki-hidden=\"true\"><i class=\"fa icon fa-facebook-square gray\" ><\/i><\/a> <a href=\"#\"  target=\"_self\" data-reiki-hidden=\"true\"><i class=\"fa icon fa-twitter-square gray\" ><\/i><\/a> <a href=\"#\"  target=\"_self\" data-reiki-hidden=\"true\"><i class=\"fa icon fa-linkedin-square gray\" ><\/i><\/a> <a href=\"#\"  target=\"_self\" data-reiki-hidden=\"true\"><i class=\"fa icon fa-google-plus-square gray\" ><\/i><\/a><\/div> <\/div><\/div> <\/div><div class=\"col-xs-12 col-sm-6 col-md-3\" > <div class=\"card bottom-border-color1 no-padding no-shadow\" > <a data-cp-link=\"1\" href=\"https:\/\/www.justbaseball.de?tag=2015\"  target=\"_blank\"><img decoding=\"async\" class=\"face\" src=\"https:\/\/www.justbaseball.de\/wp-content\/uploads\/cropped-cropped-cropped-cropped-cropped-cropped-logo_justbaseball-1-512x500-1.jpg\"  title=\"cropped-logo_justbaseball-1-512x500\" alt=\"\"><\/a> <div data-type=\"column\" class=\"col-padding-small col-padding-small-xs description-container\" > <h4 class=\"font-500\" ><span style=\"font-weight: 900; color: rgb(255, 152, 0);\" >2015<\/span><\/h4>  <div class=\"social-icons-group\" data-type=\"group\" > <a href=\"#\"  target=\"_self\" data-reiki-hidden=\"true\"><i class=\"fa icon fa-facebook-square gray\" ><\/i><\/a> <a href=\"#\"  target=\"_self\" data-reiki-hidden=\"true\"><i class=\"fa icon fa-twitter-square gray\" ><\/i><\/a> <a href=\"#\"  target=\"_self\" data-reiki-hidden=\"true\"><i class=\"fa icon fa-linkedin-square gray\" ><\/i><\/a> <a href=\"#\"  target=\"_self\" data-reiki-hidden=\"true\"><i class=\"fa icon fa-google-plus-square gray\" ><\/i><\/a><\/div> <\/div><\/div> <\/div><div class=\"col-xs-12 col-sm-6 col-md-3\" > <div class=\"card bottom-border-color1 no-padding no-shadow\" > <a data-cp-link=\"1\" href=\"https:\/\/www.justbaseball.de?tag=2014\"  target=\"_blank\"><img decoding=\"async\" class=\"face\" src=\"https:\/\/www.justbaseball.de\/wp-content\/uploads\/cropped-cropped-cropped-cropped-cropped-cropped-logo_justbaseball-1-512x500-1.jpg\"  title=\"cropped-logo_justbaseball-1-512x500\" alt=\"\"><\/a> <div data-type=\"column\" class=\"col-padding-small col-padding-small-xs description-container\" > <h4 class=\"font-500\" ><span style=\"font-weight: 900; color: rgb(255, 152, 0);\" >2014<\/span><\/h4>  <div class=\"social-icons-group\" data-type=\"group\" > <a href=\"#\"  target=\"_self\" data-reiki-hidden=\"true\"><i class=\"fa icon fa-facebook-square gray\" ><\/i><\/a> <a href=\"#\"  target=\"_self\" data-reiki-hidden=\"true\"><i class=\"fa icon fa-twitter-square gray\" ><\/i><\/a> <a href=\"#\"  target=\"_self\" data-reiki-hidden=\"true\"><i class=\"fa icon fa-linkedin-square gray\" ><\/i><\/a> <a href=\"#\"  target=\"_self\" data-reiki-hidden=\"true\"><i class=\"fa icon fa-google-plus-square gray\" ><\/i><\/a><\/div> <\/div><\/div> <\/div><\/div> <\/div><\/div>","protected":false},"excerpt":{"rendered":"<p>Unser Archiv Hier findet Ihr unsere Folgen aus den letzten Jahren. Zum nachh\u00f6ren und dr\u00fcber lustig machen. Viel Spa\u00df. 2025 2024 2023 2022 2021 2020 2019 2018 2017 2016 2015 2014<\/p>\n","protected":false},"author":1,"featured_media":0,"parent":0,"menu_order":0,"comment_status":"closed","ping_status":"closed","template":"pro\/page-templates\/full-width-homepage-header.php","meta":{"footnotes":""},"class_list":["post-769","page","type-page","status-publish","hentry"],"_links":{"self":[{"href":"https:\/\/www.justbaseball.de\/index.php?rest_route=\/wp\/v2\/pages\/769","targetHints":{"allow":["GET"]}}],"collection":[{"href":"https:\/\/www.justbaseball.de\/index.php?rest_route=\/wp\/v2\/pages"}],"about":[{"href":"https:\/\/www.justbaseball.de\/index.php?rest_route=\/wp\/v2\/types\/page"}],"author":[{"embeddable":true,"href":"https:\/\/www.justbaseball.de\/index.php?rest_route=\/wp\/v2\/users\/1"}],"replies":[{"embeddable":true,"href":"https:\/\/www.justbaseball.de\/index.php?rest_route=%2Fwp%2Fv2%2Fcomments&post=769"}],"version-history":[{"count":11,"href":"https:\/\/www.justbaseball.de\/index.php?rest_route=\/wp\/v2\/pages\/769\/revisions"}],"predecessor-version":[{"id":2252,"href":"https:\/\/www.justbaseball.de\/index.php?rest_route=\/wp\/v2\/pages\/769\/revisions\/2252"}],"wp:attachment":[{"href":"https:\/\/www.justbaseball.de\/index.php?rest_route=%2Fwp%2Fv2%2Fmedia&parent=769"}],"curies":[{"name":"wp","href":"https:\/\/api.w.org\/{rel}","templated":true}]}}