{"id":5,"date":"2013-11-21T11:04:37","date_gmt":"2013-11-21T09:04:37","guid":{"rendered":"http:\/\/www.justbaseball.de\/?page_id=5"},"modified":"2025-07-17T09:56:20","modified_gmt":"2025-07-17T07:56:20","slug":"impressum","status":"publish","type":"page","link":"https:\/\/www.justbaseball.de\/?page_id=5","title":{"rendered":"Impressum"},"content":{"rendered":"<p>Dies ist das private Weblog von<\/p>\n<p>Florian Neumann<br \/>\nAldenrathsweg 5<br \/>\n22307 Hamburg<br \/>\nTelefon: +49 40 55 64 02 48<br \/>\nEmail: florian[at]justbaseball[punkt]de<\/p>\n<p>Die hier ver\u00f6ffentlichten Inhalte sowie Fotos sind, sofern nicht andersweitig gekennzeichnet, mein geistiges Eigentum.<\/p>\n<p>F\u00fcr Kommentare zu meinen jeweiligen Beitr\u00e4gen sind die jeweiligen Autoren verantwortlich. Ich behalte mir jedoch vor, Kommentare, die verletzend, beleidigend oder rechtswidrig sind, zu l\u00f6schen, sowie die Kommentarfunktion zu deaktivieren. Der Inhalt externer Webseiten, die hier verlinkt werden, liegt au\u00dferhalb meines Verantwortungsbereiches.<\/p>\n<p>Der Inhalt dieser Seite ist zuweilen satirisch oder ironisch. Wer sich dadurch bel\u00e4stigt oder gar beleidigt f\u00fchlt, m\u00f6ge bitte das kleine X rechts oben bzw. das kleine rote X links oben bet\u00e4tigen bzw mir eine kurze Email schreiben.<\/p>\n<p>Alle Beitr\u00e4ge dieses Blogs stellen lediglich meine pers\u00f6nliche Meinung dar. Diesbez\u00fcglich berufe ich mich auf Artikel 5, Absatz 1, Satz 1 des Grundgesetzes der Bundesrepublik Deutschland:<\/p>\n<blockquote><p>Jeder hat das Recht, seine Meinung in Wort, Schrift und Bild frei zu \u00e4u\u00dfern und zu verbreiten und sich aus allgemein zug\u00e4nglichen Quellen ungehindert zu unterrichten.<\/p><\/blockquote>\n<p>Im Falle von Domainstreitigkeiten, wettbewerbsrechtlichen oder \u00e4hnlichen Problemen bitte ich Sie, mich zur Vermeidung unn\u00f6tiger Rechtsstreitigkeiten und Kosten uns bereits vorab zu kontaktieren, damit evtl. begr\u00fcndete Vorw\u00fcrfe gegebenenfalls sofort abgestellt werden k\u00f6nnen.<\/p>\n<p>Ich garantiere, da\u00df zu Recht beanstandete Passagen unverz\u00fcglich entfernt werden, ohne da\u00df von Ihrer Seite die Einschaltung eines Rechtbeistandes erforderlich ist. Dennoch von Ihnen ohne vorherige Kontaktaufnahme ausgel\u00f6ste Kosten werde ich vollumf\u00e4nglich zur\u00fcckweisen und gegebenenfalls Gegenklage wegen Verletzung vorgenannter Bestimmungen einreichen.<\/p>\n<p><strong>Die Kostennote einer anwaltlichen Abmahnung ohne vorhergehende Kontaktaufnahme mit dem Betreiber dieser Webseite wird im Sinne der Schadenminderungspflicht als unbegr\u00fcndet zur\u00fcckgewiesen.<br \/>\n<\/strong><\/p>\n<p>Zum vollst\u00e4ndigen Disclaimer gehts <a href=\"http:\/\/www.disclaimer.de\/disclaimer.htm?farbe=FFFFFF\/000000\/000000\/000000\">hier<\/a><\/p>\n<p><strong>Datenschutzerkl\u00e4rung<\/strong><br \/>\n<a href=\"https:\/\/www.justbaseball.de\/?page_id=965\">Die vollst\u00e4ndige Datenschutzerkl\u00e4rung<\/a><\/p>\n","protected":false},"excerpt":{"rendered":"<p>Dies ist das private Weblog von Florian Neumann Aldenrathsweg 5 22307 Hamburg Telefon: +49 40 55 64 02 48 Email: florian[at]justbaseball[punkt]de Die hier ver\u00f6ffentlichten Inhalte sowie Fotos sind, sofern nicht andersweitig gekennzeichnet, mein geistiges Eigentum. F\u00fcr Kommentare zu meinen jeweiligen Beitr\u00e4gen sind die jeweiligen Autoren verantwortlich. Ich behalte mir jedoch vor, Kommentare, die verletzend, beleidigend&hellip; <br \/> <a class=\"read-more\" href=\"https:\/\/www.justbaseball.de\/?page_id=5\">Weiterlesen<\/a><\/p>\n","protected":false},"author":1,"featured_media":0,"parent":0,"menu_order":0,"comment_status":"closed","ping_status":"closed","template":"pro\/page-templates\/full-width-homepage-header.php","meta":{"footnotes":""},"class_list":["post-5","page","type-page","status-publish","hentry"],"_links":{"self":[{"href":"https:\/\/www.justbaseball.de\/index.php?rest_route=\/wp\/v2\/pages\/5","targetHints":{"allow":["GET"]}}],"collection":[{"href":"https:\/\/www.justbaseball.de\/index.php?rest_route=\/wp\/v2\/pages"}],"about":[{"href":"https:\/\/www.justbaseball.de\/index.php?rest_route=\/wp\/v2\/types\/page"}],"author":[{"embeddable":true,"href":"https:\/\/www.justbaseball.de\/index.php?rest_route=\/wp\/v2\/users\/1"}],"replies":[{"embeddable":true,"href":"https:\/\/www.justbaseball.de\/index.php?rest_route=%2Fwp%2Fv2%2Fcomments&post=5"}],"version-history":[{"count":5,"href":"https:\/\/www.justbaseball.de\/index.php?rest_route=\/wp\/v2\/pages\/5\/revisions"}],"predecessor-version":[{"id":971,"href":"https:\/\/www.justbaseball.de\/index.php?rest_route=\/wp\/v2\/pages\/5\/revisions\/971"}],"wp:attachment":[{"href":"https:\/\/www.justbaseball.de\/index.php?rest_route=%2Fwp%2Fv2%2Fmedia&parent=5"}],"curies":[{"name":"wp","href":"https:\/\/api.w.org\/{rel}","templated":true}]}}