{"id":14,"date":"2013-11-21T18:00:53","date_gmt":"2013-11-21T16:00:53","guid":{"rendered":"http:\/\/www.justbaseball.de\/?page_id=14"},"modified":"2016-08-08T21:31:16","modified_gmt":"2016-08-08T19:31:16","slug":"ueber-uns","status":"publish","type":"page","link":"https:\/\/www.justbaseball.de\/?page_id=14","title":{"rendered":"\u00dcber Uns"},"content":{"rendered":"<p>Wir, das sind Florian, Andreas, Jan und Axel.<\/p>\n<p><b>Florian<\/b>, Hamburger und HFC Falke Fan findet Ihr auch auf seinem&nbsp;<a href=\"http:\/\/www.nedsblog.de\/\"><b>nedsblog<\/b><\/a>&nbsp;oder&nbsp;<a href=\"https:\/\/twitter.com\/nedfuller\"><b>hier auf twitter<\/b><\/a>. Er besch\u00e4ftigt sich mit den Giants.<\/p>\n<p><b>Andreas<\/b>, dem HSV zugetan, kommt aus M\u00fcnchen und&nbsp;<a href=\"https:\/\/twitter.com\/sport_thies\"><b>twittert<\/b><\/a>&nbsp;\u00fcber alles sportlich m\u00f6gliche. Wenigstens beweist er im Baseball Geschmack. Sein Team in der MLB sind die Red Sox.<\/p>\n<p><b>Jan<\/b>&nbsp;(<a href=\"https:\/\/twitter.com\/janblurr\"><b>twitter<\/b><\/a>) hat`s doppelt schwer, denn sein Fu\u00dfballverein ist der SC Fortuna aus K\u00f6ln am Rhein und sein Baseballherz hat er an die Mets verloren. Sachen gibt`s&#8230; Au\u00dferdem ist er unser Experte f\u00fcr Japan. Seinen Baseball-Blog findet Ihr&nbsp;<a href=\"http:\/\/weakgrounder.wordpress.com\/\"><b>hier<\/b><\/a>.<\/p>\n<p><b>Axel<\/b>&nbsp;kommt -genau wie Jan- aus K\u00f6ln,&nbsp;<a href=\"https:\/\/twitter.com\/lostinnippes\"><b>twittert<\/b><\/a> ebenfalls, ist aber im Fu\u00dfball deutlich mainstreamiger unterwegs. Er verfolgt seit \u00fcber 30 Jahren den &#8222;effzeh&#8220; und widmet sich diesem auch in<a href=\"http:\/\/www.dervierteoffizielle.de\/wp\/\"><b> seinem Blog<\/b><\/a>. Sein Baseball-Team kommt wie das von Andreas aus Boston.<\/p>\n","protected":false},"excerpt":{"rendered":"<p>Wir, das sind Florian, Andreas, Jan und Axel. Florian, Hamburger und HFC Falke Fan findet Ihr auch auf seinem&nbsp;nedsblog&nbsp;oder&nbsp;hier auf twitter. Er besch\u00e4ftigt sich mit den Giants. Andreas, dem HSV zugetan, kommt aus M\u00fcnchen und&nbsp;twittert&nbsp;\u00fcber alles sportlich m\u00f6gliche. Wenigstens beweist er im Baseball Geschmack. Sein Team in der MLB sind die Red Sox. Jan&nbsp;(twitter) hat`s&hellip; <br \/> <a class=\"read-more\" href=\"https:\/\/www.justbaseball.de\/?page_id=14\">Weiterlesen<\/a><\/p>\n","protected":false},"author":1,"featured_media":0,"parent":0,"menu_order":0,"comment_status":"open","ping_status":"open","template":"","meta":{"footnotes":""},"class_list":["post-14","page","type-page","status-publish","hentry"],"_links":{"self":[{"href":"https:\/\/www.justbaseball.de\/index.php?rest_route=\/wp\/v2\/pages\/14","targetHints":{"allow":["GET"]}}],"collection":[{"href":"https:\/\/www.justbaseball.de\/index.php?rest_route=\/wp\/v2\/pages"}],"about":[{"href":"https:\/\/www.justbaseball.de\/index.php?rest_route=\/wp\/v2\/types\/page"}],"author":[{"embeddable":true,"href":"https:\/\/www.justbaseball.de\/index.php?rest_route=\/wp\/v2\/users\/1"}],"replies":[{"embeddable":true,"href":"https:\/\/www.justbaseball.de\/index.php?rest_route=%2Fwp%2Fv2%2Fcomments&post=14"}],"version-history":[{"count":5,"href":"https:\/\/www.justbaseball.de\/index.php?rest_route=\/wp\/v2\/pages\/14\/revisions"}],"predecessor-version":[{"id":573,"href":"https:\/\/www.justbaseball.de\/index.php?rest_route=\/wp\/v2\/pages\/14\/revisions\/573"}],"wp:attachment":[{"href":"https:\/\/www.justbaseball.de\/index.php?rest_route=%2Fwp%2Fv2%2Fmedia&parent=14"}],"curies":[{"name":"wp","href":"https:\/\/api.w.org\/{rel}","templated":true}]}}